{"id":3287,"date":"2023-04-17T10:13:50","date_gmt":"2023-04-17T10:13:50","guid":{"rendered":"https:\/\/pizzeriaportarevia.es\/?page_id=3287"},"modified":"2023-05-23T11:01:29","modified_gmt":"2023-05-23T11:01:29","slug":"politica-de-cookies","status":"publish","type":"page","link":"https:\/\/pizzeriaportarevia.es\/en\/politica-de-cookies\/","title":{"rendered":"COOKIES POLICY"},"content":{"rendered":"<h2 class=\"wp-block-heading\"><strong>COOKIES POLICY<\/strong><\/h2>\n\n\n\n<p><em>Last update:<\/em><em> May 22, 2023.<\/em><\/p>\n\n\n\n<p><strong>Summary<\/strong><\/p>\n\n\n\n<ul class=\"wp-block-list\">\n<li>Cookies used: <strong>Own and Third Parties<\/strong><\/li>\n<\/ul>\n\n\n\n<ul class=\"wp-block-list\">\n<li>Are they used to obtain statistics? Yeah<\/li>\n<\/ul>\n\n\n\n<ul class=\"wp-block-list\">\n<li>Are they used for advertising? Yeah<\/li>\n<\/ul>\n\n\n\n<ul class=\"wp-block-list\">\n<li>Third-party services that install cookies through this website:<strong> woocommerce<\/strong><\/li>\n<\/ul>\n\n\n\n<p><strong>How to configure and disable cookies<\/strong><\/p>\n\n\n\n<p>You can allow, block or delete cookies installed on your device from your web browser. If you do not allow the installation of cookies on your device, the browsing experience may worsen. Below you can find how to configure cookies in each browser:<\/p>\n\n\n\n<p>&#8211;<a href=\"http:\/\/windows.microsoft.com\/es-es\/windows-10\/edge-privacy-faq\"> <\/a><a href=\"http:\/\/windows.microsoft.com\/es-es\/windows-10\/edge-privacy-faq\">edge<\/a><\/p>\n\n\n\n<p>&#8211;<a href=\"https:\/\/support.google.com\/chrome\/answer\/95647?hl=es\"> <\/a><a href=\"https:\/\/support.google.com\/chrome\/answer\/95647?hl=es\">Google Chrome<\/a><\/p>\n\n\n\n<p>&#8211;<a href=\"https:\/\/support.google.com\/chrome\/answer\/114662?hl=es&amp;visit_id=1-636664625754483085-1648636281&amp;rd=1&amp;co=GENIE.Platform%3DAndroid&amp;oco=1\"> google android<\/a><a href=\"https:\/\/support.google.com\/chrome\/answer\/2392971?hl=es\"><\/a><\/p>\n\n\n\n<p>&#8211;<a href=\"https:\/\/support.microsoft.com\/es-es\/help\/17442\/windows-internet-explorer-delete-manage-cookies\"> Internet Explorer 8<\/a><a href=\"http:\/\/windows.microsoft.com\/es-es\/windows-vista\/block-or-allow-cookies\"><\/a><\/p>\n\n\n\n<p>&#8211;<a href=\"https:\/\/support.microsoft.com\/es-es\/help\/278835\/how-to-delete-cookie-files-in-internet-explorer\"> Internet Explorer 9<\/a><\/p>\n\n\n\n<p>&#8211;<a href=\"https:\/\/support.microsoft.com\/es-es\/help\/17442\/windows-internet-explorer-delete-manage-cookies#ie=ie-10\"> Internet Explorer 11<\/a><a href=\"http:\/\/windows.microsoft.com\/es-es\/internet-explorer\/delete-manage-cookies#ie=ie-11\"><\/a><\/p>\n\n\n\n<p>&#8211;<a href=\"https:\/\/support.mozilla.org\/es\/kb\/habilitar-y-deshabilitar-cookies-que-los-sitios-we\"> <\/a><a href=\"https:\/\/support.mozilla.org\/es\/kb\/habilitar-y-deshabilitar-cookies-que-los-sitios-we\">Mozilla Firefox<\/a><\/p>\n\n\n\n<p>&#8211;<a href=\"https:\/\/help.opera.com\/en\/latest\/web-preferences\/#cookies\"> Opera<\/a><a href=\"http:\/\/help.opera.com\/Linux\/10.60\/es-ES\/cookies.html\"><\/a><\/p>\n\n\n\n<p>&#8211; <a href=\"https:\/\/support.apple.com\/es-es\/guide\/safari\/sfri11471\/mac\">Safari<\/a><a href=\"https:\/\/support.apple.com\/kb\/PH19214?viewlocale=es_ES&amp;locale=es_ES\"><\/a><\/p>\n\n\n\n<p>&#8211;<a href=\"https:\/\/support.apple.com\/es-es\/HT201265\"> <\/a><a href=\"https:\/\/support.apple.com\/es-es\/HT201265\">SafariMobile<\/a><\/p>\n\n\n\n<p>&#8211; <a href=\"https:\/\/support.brave.com\/hc\/en-us\/articles\/360050634931-How-Do-I-Manage-Cookies-In-Brave-\">brave<\/a><a href=\"https:\/\/support.apple.com\/es-es\/HT201265\"><\/a><\/p>\n\n\n\n<p><a href=\"https:\/\/support.apple.com\/es-es\/HT201265\">&nbsp;<\/a><\/p>\n\n\n\n<p><strong>1.- Types and uses<\/strong><\/p>\n\n\n\n<p>The service uses its own and third-party cookies to improve navigation, provide the service and obtain statistics on the use of the website.<\/p>\n\n\n\n<p><strong>2.- What is a cookie and what is it for?<\/strong><\/p>\n\n\n\n<p>A cookie is a text file that is sent to the web browser of your computer, mobile phone or tablet and that is used to store and retrieve information about the navigation carried out. For example, remember your username and password or your profile preferences.<\/p>\n\n\n\n<p><strong>3.- What types of cookies are there?<\/strong><\/p>\n\n\n\n<p>According to who manages them:<\/p>\n\n\n\n<ul class=\"wp-block-list\">\n<li>Own cookies; are sent to your browser from our computers or web domains.<\/li>\n<\/ul>\n\n\n\n<ul class=\"wp-block-list\">\n<li>Third party cookies; They are sent to your browser from a computer or web domain that we do not manage directly, but rather a third party such as Google.<\/li>\n<\/ul>\n\n\n\n<p>Depending on the time they are active, there are:<\/p>\n\n\n\n<ul class=\"wp-block-list\">\n<li>Session cookies; They remain in the cookie file of your browser until you leave the web page, so none remain on your device.<\/li>\n<\/ul>\n\n\n\n<ul class=\"wp-block-list\">\n<li>persistent cookies; they remain on your device and our website reads them each time you make a new visit. These cookies stop working after a specific date.<\/li>\n<\/ul>\n\n\n\n<p>Finally, and according to its purpose, we have:<\/p>\n\n\n\n<ul class=\"wp-block-list\">\n<li>Technical cookies; improve navigation and proper functioning of the web.<\/li>\n<\/ul>\n\n\n\n<ul class=\"wp-block-list\">\n<li>Personalization cookies; They allow access to the service with predefined characteristics based on a series of criteria.<\/li>\n<\/ul>\n\n\n\n<ul class=\"wp-block-list\">\n<li>Analysis cookies; allow to measure and statistically analyze the use made of the service provided.<\/li>\n<\/ul>\n\n\n\n<p>Cookies used:<\/p>\n\n\n\n<figure class=\"wp-block-table\"><table><tbody><tr><td><strong>Name<\/strong><\/td><td><strong>Origin<\/strong><\/td><td><strong>purpose<\/strong><\/td><td><strong>Guy<\/strong><\/td><td><strong>Expiration<\/strong><\/td><\/tr><tr><td>PHPSESSID<\/td><td>pizzeriaportarevia.es<\/td><td>Technique (functionality)<\/td><td>own<\/td><td>Session<\/td><\/tr><tr><td>woocommerce_cart_hash<\/td><td>pizzeriaportarevia.es<\/td><td>Analytics (functionality)<\/td><td>Third<\/td><td>Session<\/td><\/tr><tr><td>wp_woocommerce_session_a4ca4473d60111a6c2e22eb30ce3bc07<\/td><td>pizzeriaportarevia.es<\/td><td>Analytics (functionality)<\/td><td>Third<\/td><td>2 days<\/td><\/tr><tr><td>woocommerce_items_in_cart<\/td><td>pizzeriaportarevia.es<\/td><td>Analytics (functionality)<\/td><td>Third<\/td><td>Session<\/td><\/tr><\/tbody><\/table><\/figure>\n\n\n\n<p>List of third-party cookies:<\/p>\n\n\n\n<p><a href=\"https:\/\/woocommerce.com\/document\/woocommerce-cookies\/\">woocommerce<\/a>: Your cookies (such as woocommerce_cart_hash) allow WooCommerce to determine when cart data\/content changes.<\/p>","protected":false},"excerpt":{"rendered":"<p>POL\u00cdTICA DE COOKIES \u00daltima actualizaci\u00f3n: 22 de mayo de 2023. Sumario C\u00f3mo configurar y deshabilitar las cookies Puedes permitir, bloquear o eliminar las cookies instaladas en tu dispositivo desde tu navegador web. Si no permites la instalaci\u00f3n de cookies en [&hellip;]<\/p>","protected":false},"author":1,"featured_media":0,"parent":0,"menu_order":0,"comment_status":"closed","ping_status":"closed","template":"","meta":{"footnotes":""},"class_list":["post-3287","page","type-page","status-publish","hentry"],"yoast_head":"<!-- This site is optimized with the Yoast SEO plugin v25.4 - https:\/\/yoast.com\/wordpress\/plugins\/seo\/ -->\n<title>POL\u00cdTICA DE COOKIES | Pizzer\u00eda Portare Via<\/title>\n<meta name=\"robots\" content=\"index, follow, max-snippet:-1, max-image-preview:large, max-video-preview:-1\" \/>\n<link rel=\"canonical\" href=\"https:\/\/pizzeriaportarevia.es\/en\/politica-de-cookies\/\" \/>\n<meta property=\"og:locale\" content=\"en_US\" \/>\n<meta property=\"og:type\" content=\"article\" \/>\n<meta property=\"og:title\" content=\"POL\u00cdTICA DE COOKIES | Pizzer\u00eda Portare Via\" \/>\n<meta property=\"og:description\" content=\"POL\u00cdTICA DE COOKIES \u00daltima actualizaci\u00f3n: 22 de mayo de 2023. Sumario C\u00f3mo configurar y deshabilitar las cookies Puedes permitir, bloquear o eliminar las cookies instaladas en tu dispositivo desde tu navegador web. Si no permites la instalaci\u00f3n de cookies en [&hellip;]\" \/>\n<meta property=\"og:url\" content=\"https:\/\/pizzeriaportarevia.es\/en\/politica-de-cookies\/\" \/>\n<meta property=\"og:site_name\" content=\"Pizzer\u00eda Portare Via\" \/>\n<meta property=\"article:publisher\" content=\"https:\/\/www.facebook.com\/portare.via\/\" \/>\n<meta property=\"article:modified_time\" content=\"2023-05-23T11:01:29+00:00\" \/>\n<meta name=\"twitter:card\" content=\"summary_large_image\" \/>\n<meta name=\"twitter:label1\" content=\"Est. reading time\" \/>\n\t<meta name=\"twitter:data1\" content=\"2 minutes\" \/>\n<script type=\"application\/ld+json\" class=\"yoast-schema-graph\">{\"@context\":\"https:\/\/schema.org\",\"@graph\":[{\"@type\":\"WebPage\",\"@id\":\"https:\/\/pizzeriaportarevia.es\/politica-de-cookies\/\",\"url\":\"https:\/\/pizzeriaportarevia.es\/politica-de-cookies\/\",\"name\":\"POL\u00cdTICA DE COOKIES | Pizzer\u00eda Portare Via\",\"isPartOf\":{\"@id\":\"https:\/\/pizzeriaportarevia.es\/#website\"},\"datePublished\":\"2023-04-17T10:13:50+00:00\",\"dateModified\":\"2023-05-23T11:01:29+00:00\",\"breadcrumb\":{\"@id\":\"https:\/\/pizzeriaportarevia.es\/politica-de-cookies\/#breadcrumb\"},\"inLanguage\":\"en-US\",\"potentialAction\":[{\"@type\":\"ReadAction\",\"target\":[\"https:\/\/pizzeriaportarevia.es\/politica-de-cookies\/\"]}]},{\"@type\":\"BreadcrumbList\",\"@id\":\"https:\/\/pizzeriaportarevia.es\/politica-de-cookies\/#breadcrumb\",\"itemListElement\":[{\"@type\":\"ListItem\",\"position\":1,\"name\":\"Portada\",\"item\":\"https:\/\/pizzeriaportarevia.es\/\"},{\"@type\":\"ListItem\",\"position\":2,\"name\":\"POL\u00cdTICA DE COOKIES\"}]},{\"@type\":\"WebSite\",\"@id\":\"https:\/\/pizzeriaportarevia.es\/#website\",\"url\":\"https:\/\/pizzeriaportarevia.es\/\",\"name\":\"Pizzer\u00eda Portare V\u00eda Palma\",\"description\":\"Las mejores pizzas de Palma con servicio a domicilio.\",\"publisher\":{\"@id\":\"https:\/\/pizzeriaportarevia.es\/#organization\"},\"potentialAction\":[{\"@type\":\"SearchAction\",\"target\":{\"@type\":\"EntryPoint\",\"urlTemplate\":\"https:\/\/pizzeriaportarevia.es\/?s={search_term_string}\"},\"query-input\":{\"@type\":\"PropertyValueSpecification\",\"valueRequired\":true,\"valueName\":\"search_term_string\"}}],\"inLanguage\":\"en-US\"},{\"@type\":\"Organization\",\"@id\":\"https:\/\/pizzeriaportarevia.es\/#organization\",\"name\":\"Pizzer\u00eda Portare V\u00eda Palma\",\"url\":\"https:\/\/pizzeriaportarevia.es\/\",\"logo\":{\"@type\":\"ImageObject\",\"inLanguage\":\"en-US\",\"@id\":\"https:\/\/pizzeriaportarevia.es\/#\/schema\/logo\/image\/\",\"url\":\"https:\/\/pizzeriaportarevia.es\/wp-content\/uploads\/2022\/10\/logo-horiz-1bis-4-1.png\",\"contentUrl\":\"https:\/\/pizzeriaportarevia.es\/wp-content\/uploads\/2022\/10\/logo-horiz-1bis-4-1.png\",\"width\":837,\"height\":443,\"caption\":\"Pizzer\u00eda Portare V\u00eda Palma\"},\"image\":{\"@id\":\"https:\/\/pizzeriaportarevia.es\/#\/schema\/logo\/image\/\"},\"sameAs\":[\"https:\/\/www.facebook.com\/portare.via\/\"]}]}<\/script>\n<!-- \/ Yoast SEO plugin. -->","yoast_head_json":{"title":"POL\u00cdTICA DE COOKIES | Pizzer\u00eda Portare Via","robots":{"index":"index","follow":"follow","max-snippet":"max-snippet:-1","max-image-preview":"max-image-preview:large","max-video-preview":"max-video-preview:-1"},"canonical":"https:\/\/pizzeriaportarevia.es\/en\/politica-de-cookies\/","og_locale":"en_US","og_type":"article","og_title":"POL\u00cdTICA DE COOKIES | Pizzer\u00eda Portare Via","og_description":"POL\u00cdTICA DE COOKIES \u00daltima actualizaci\u00f3n: 22 de mayo de 2023. Sumario C\u00f3mo configurar y deshabilitar las cookies Puedes permitir, bloquear o eliminar las cookies instaladas en tu dispositivo desde tu navegador web. Si no permites la instalaci\u00f3n de cookies en [&hellip;]","og_url":"https:\/\/pizzeriaportarevia.es\/en\/politica-de-cookies\/","og_site_name":"Pizzer\u00eda Portare Via","article_publisher":"https:\/\/www.facebook.com\/portare.via\/","article_modified_time":"2023-05-23T11:01:29+00:00","twitter_card":"summary_large_image","twitter_misc":{"Est. reading time":"2 minutes"},"schema":{"@context":"https:\/\/schema.org","@graph":[{"@type":"WebPage","@id":"https:\/\/pizzeriaportarevia.es\/politica-de-cookies\/","url":"https:\/\/pizzeriaportarevia.es\/politica-de-cookies\/","name":"POL\u00cdTICA DE COOKIES | Pizzer\u00eda Portare Via","isPartOf":{"@id":"https:\/\/pizzeriaportarevia.es\/#website"},"datePublished":"2023-04-17T10:13:50+00:00","dateModified":"2023-05-23T11:01:29+00:00","breadcrumb":{"@id":"https:\/\/pizzeriaportarevia.es\/politica-de-cookies\/#breadcrumb"},"inLanguage":"en-US","potentialAction":[{"@type":"ReadAction","target":["https:\/\/pizzeriaportarevia.es\/politica-de-cookies\/"]}]},{"@type":"BreadcrumbList","@id":"https:\/\/pizzeriaportarevia.es\/politica-de-cookies\/#breadcrumb","itemListElement":[{"@type":"ListItem","position":1,"name":"Portada","item":"https:\/\/pizzeriaportarevia.es\/"},{"@type":"ListItem","position":2,"name":"POL\u00cdTICA DE COOKIES"}]},{"@type":"WebSite","@id":"https:\/\/pizzeriaportarevia.es\/#website","url":"https:\/\/pizzeriaportarevia.es\/","name":"Pizzer\u00eda Portare V\u00eda Palma","description":"Las mejores pizzas de Palma con servicio a domicilio.","publisher":{"@id":"https:\/\/pizzeriaportarevia.es\/#organization"},"potentialAction":[{"@type":"SearchAction","target":{"@type":"EntryPoint","urlTemplate":"https:\/\/pizzeriaportarevia.es\/?s={search_term_string}"},"query-input":{"@type":"PropertyValueSpecification","valueRequired":true,"valueName":"search_term_string"}}],"inLanguage":"en-US"},{"@type":"Organization","@id":"https:\/\/pizzeriaportarevia.es\/#organization","name":"Pizzer\u00eda Portare V\u00eda Palma","url":"https:\/\/pizzeriaportarevia.es\/","logo":{"@type":"ImageObject","inLanguage":"en-US","@id":"https:\/\/pizzeriaportarevia.es\/#\/schema\/logo\/image\/","url":"https:\/\/pizzeriaportarevia.es\/wp-content\/uploads\/2022\/10\/logo-horiz-1bis-4-1.png","contentUrl":"https:\/\/pizzeriaportarevia.es\/wp-content\/uploads\/2022\/10\/logo-horiz-1bis-4-1.png","width":837,"height":443,"caption":"Pizzer\u00eda Portare V\u00eda Palma"},"image":{"@id":"https:\/\/pizzeriaportarevia.es\/#\/schema\/logo\/image\/"},"sameAs":["https:\/\/www.facebook.com\/portare.via\/"]}]}},"_links":{"self":[{"href":"https:\/\/pizzeriaportarevia.es\/en\/wp-json\/wp\/v2\/pages\/3287","targetHints":{"allow":["GET"]}}],"collection":[{"href":"https:\/\/pizzeriaportarevia.es\/en\/wp-json\/wp\/v2\/pages"}],"about":[{"href":"https:\/\/pizzeriaportarevia.es\/en\/wp-json\/wp\/v2\/types\/page"}],"author":[{"embeddable":true,"href":"https:\/\/pizzeriaportarevia.es\/en\/wp-json\/wp\/v2\/users\/1"}],"replies":[{"embeddable":true,"href":"https:\/\/pizzeriaportarevia.es\/en\/wp-json\/wp\/v2\/comments?post=3287"}],"version-history":[{"count":2,"href":"https:\/\/pizzeriaportarevia.es\/en\/wp-json\/wp\/v2\/pages\/3287\/revisions"}],"predecessor-version":[{"id":3451,"href":"https:\/\/pizzeriaportarevia.es\/en\/wp-json\/wp\/v2\/pages\/3287\/revisions\/3451"}],"wp:attachment":[{"href":"https:\/\/pizzeriaportarevia.es\/en\/wp-json\/wp\/v2\/media?parent=3287"}],"curies":[{"name":"wp","href":"https:\/\/api.w.org\/{rel}","templated":true}]}}